{"id":9087,"date":"2024-01-16T16:30:09","date_gmt":"2024-01-16T15:30:09","guid":{"rendered":"https:\/\/www.linemetrics.dev\/commissioning\/"},"modified":"2024-01-16T16:41:51","modified_gmt":"2024-01-16T15:41:51","slug":"commissioning","status":"publish","type":"page","link":"https:\/\/www.linemetrics.dev\/en\/platform\/commissioning\/","title":{"rendered":"Commissioning"},"content":{"rendered":"<h1>Einfach in Betrieb nehmen<\/h1>\n<h2>Einfach in Betrieb nehmen<\/h2>\n<h4>QR-Code scannen<\/h4>\n<p>Mit dem Smartphone zur Ger\u00e4testatus-Seite.<\/p>\n<h4>Ger\u00e4t aktivieren<\/h4>\n<p>Spezifische Anleitungen zu jedem Ger\u00e4t machen das ganz einfach.<\/p>\n<h4>Aktuelle Werte am Handy<\/h4>\n<p>Innerhalb weniger Minuten werden bereits Werte angezeigt.<\/p>\n<h4>Daten in der Cloud<\/h4>\n<p>Alle Ger\u00e4te &amp; Messwerte k\u00f6nnen in der Cloud verwaltet werden.<\/p>\n<h3>Inbetriebnahme Leitfaden<\/h3>\n<p>In jedem von uns versendeten Paket befindet sich eine Mappe mit allen notwendigen Informationen und Montagetipps zu den einzelnen Devices.<\/p>\n<h3>Die Ger\u00e4te\u00adinformationen am Smartphone<\/h3>\n<p>Detailierte Inbetriebnahmeanleitungen, Online Status, Letztwerte und Datenbl\u00e4tter k\u00f6nnen direkt am Smartphone ohne Cloudzugriff abgerufen werden.<\/p>\n<h3>Ger\u00e4te aktivieren<\/h3>\n<p>Innerhalb von 2 Minuten kann ein einzelnes Ger\u00e4t aktiviert werden. Je nach Typ m\u00fcssen z.B. nur die mitgelieferten Batterien eingelegt werden.<\/p>\n<h3>Onlinestatus pr\u00fcfen<\/h3>\n<p>Innerhalb weniger Sekunden kann in der Ger\u00e4teinfo am Smartphone kontrolliert werden ob das Ger\u00e4t online ist.<\/p>\n<h3>Je nach Anwendung installieren<\/h3>\n<p>Laut der ger\u00e4tespezifischen Anleitung in der Ger\u00e4teinfo installieren um eine genaue Datenerfassung zu garantieren.<\/p>\n<h3>Individuelle Dashboards anlegen<\/h3>\n<p>Die Messwerte k\u00f6nnen nun spezifischen Objekten (z.B. R\u00e4umen) zugeordnet werden. \u00dcbersichtliche Dashboards erleichtern die Auswertung der Daten, Alarmmeldungen warnen bei kritischen Werten.<\/p>\n<p><a href=\"https:\/\/www.linemetrics.dev\/en\/linemetrics-cloud\/\">Details zur LineMetrics Cloud &gt;<\/a><\/p>\n","protected":false},"excerpt":{"rendered":"<p>Einfach in Betrieb nehmen Einfach in Betrieb nehmen QR-Code scannen Mit dem Smartphone zur Ger\u00e4testatus-Seite. Ger\u00e4t aktivieren Spezifische Anleitungen zu jedem Ger\u00e4t machen das ganz einfach. Aktuelle Werte am Handy Innerhalb weniger Minuten werden bereits Werte angezeigt. Daten in der Cloud Alle Ger\u00e4te &amp; Messwerte k\u00f6nnen in der Cloud verwaltet werden. Inbetriebnahme Leitfaden In jedem&#8230;<\/p>\n","protected":false},"author":1,"featured_media":0,"parent":9339,"menu_order":0,"comment_status":"closed","ping_status":"closed","template":"","meta":{"_acf_changed":false,"inline_featured_image":false,"_kad_blocks_custom_css":"","_kad_blocks_head_custom_js":"","_kad_blocks_body_custom_js":"","_kad_blocks_footer_custom_js":"","_kad_post_transparent":"","_kad_post_title":"","_kad_post_layout":"","_kad_post_sidebar_id":"","_kad_post_content_style":"","_kad_post_vertical_padding":"","_kad_post_feature":"","_kad_post_feature_position":"","_kad_post_header":false,"_kad_post_footer":false,"_kad_post_classname":"","footnotes":"","_wp_rev_ctl_limit":""},"class_list":["post-9087","page","type-page","status-publish","hentry"],"acf":[],"yoast_head":"<!-- This site is optimized with the Yoast SEO plugin v27.4 - https:\/\/yoast.com\/product\/yoast-seo-wordpress\/ -->\n<title>Commissioning - LineMetrics Smart Building Plattform<\/title>\n<meta name=\"robots\" content=\"noindex, follow, max-snippet:-1, max-image-preview:large, max-video-preview:-1\" \/>\n<meta property=\"og:locale\" content=\"en_US\" \/>\n<meta property=\"og:type\" content=\"article\" \/>\n<meta property=\"og:title\" content=\"Commissioning - LineMetrics Smart Building Plattform\" \/>\n<meta property=\"og:description\" content=\"Einfach in Betrieb nehmen Einfach in Betrieb nehmen QR-Code scannen Mit dem Smartphone zur Ger\u00e4testatus-Seite. Ger\u00e4t aktivieren Spezifische Anleitungen zu jedem Ger\u00e4t machen das ganz einfach. Aktuelle Werte am Handy Innerhalb weniger Minuten werden bereits Werte angezeigt. Daten in der Cloud Alle Ger\u00e4te &amp; Messwerte k\u00f6nnen in der Cloud verwaltet werden. Inbetriebnahme Leitfaden In jedem...\" \/>\n<meta property=\"og:url\" content=\"https:\/\/www.linemetrics.dev\/en\/platform\/commissioning\/\" \/>\n<meta property=\"og:site_name\" content=\"LineMetrics Smart Building Plattform\" \/>\n<meta property=\"article:modified_time\" content=\"2024-01-16T15:41:51+00:00\" \/>\n<meta name=\"twitter:card\" content=\"summary_large_image\" \/>\n<meta name=\"twitter:label1\" content=\"Est. reading time\" \/>\n\t<meta name=\"twitter:data1\" content=\"1 minute\" \/>\n<script type=\"application\/ld+json\" class=\"yoast-schema-graph\">{\"@context\":\"https:\\\/\\\/schema.org\",\"@graph\":[{\"@type\":\"WebPage\",\"@id\":\"https:\\\/\\\/www.linemetrics.dev\\\/en\\\/platform\\\/commissioning\\\/\",\"url\":\"https:\\\/\\\/www.linemetrics.dev\\\/en\\\/platform\\\/commissioning\\\/\",\"name\":\"Commissioning - LineMetrics Smart Building Plattform\",\"isPartOf\":{\"@id\":\"https:\\\/\\\/www.linemetrics.dev\\\/en\\\/#website\"},\"datePublished\":\"2024-01-16T15:30:09+00:00\",\"dateModified\":\"2024-01-16T15:41:51+00:00\",\"breadcrumb\":{\"@id\":\"https:\\\/\\\/www.linemetrics.dev\\\/en\\\/platform\\\/commissioning\\\/#breadcrumb\"},\"inLanguage\":\"en-US\",\"potentialAction\":[{\"@type\":\"ReadAction\",\"target\":[\"https:\\\/\\\/www.linemetrics.dev\\\/en\\\/platform\\\/commissioning\\\/\"]}]},{\"@type\":\"BreadcrumbList\",\"@id\":\"https:\\\/\\\/www.linemetrics.dev\\\/en\\\/platform\\\/commissioning\\\/#breadcrumb\",\"itemListElement\":[{\"@type\":\"ListItem\",\"position\":1,\"name\":\"Startseite\",\"item\":\"https:\\\/\\\/www.linemetrics.dev\\\/en\\\/\"},{\"@type\":\"ListItem\",\"position\":2,\"name\":\"The LineMetrics All-in-One Smart Building Platform\",\"item\":\"https:\\\/\\\/www.linemetrics.dev\\\/en\\\/platform\\\/\"},{\"@type\":\"ListItem\",\"position\":3,\"name\":\"Commissioning\"}]},{\"@type\":\"WebSite\",\"@id\":\"https:\\\/\\\/www.linemetrics.dev\\\/en\\\/#website\",\"url\":\"https:\\\/\\\/www.linemetrics.dev\\\/en\\\/\",\"name\":\"LineMetrics\",\"description\":\"Sensordaten per Plug &amp; Play erfassen und auswerten\",\"publisher\":{\"@id\":\"https:\\\/\\\/www.linemetrics.dev\\\/en\\\/#organization\"},\"potentialAction\":[{\"@type\":\"SearchAction\",\"target\":{\"@type\":\"EntryPoint\",\"urlTemplate\":\"https:\\\/\\\/www.linemetrics.dev\\\/en\\\/?s={search_term_string}\"},\"query-input\":{\"@type\":\"PropertyValueSpecification\",\"valueRequired\":true,\"valueName\":\"search_term_string\"}}],\"inLanguage\":\"en-US\"},{\"@type\":\"Organization\",\"@id\":\"https:\\\/\\\/www.linemetrics.dev\\\/en\\\/#organization\",\"name\":\"LineMetrics GmbH\",\"url\":\"https:\\\/\\\/www.linemetrics.dev\\\/en\\\/\",\"logo\":{\"@type\":\"ImageObject\",\"inLanguage\":\"en-US\",\"@id\":\"https:\\\/\\\/www.linemetrics.dev\\\/en\\\/#\\\/schema\\\/logo\\\/image\\\/\",\"url\":\"https:\\\/\\\/www.linemetrics.dev\\\/wp-content\\\/uploads\\\/2020\\\/06\\\/LineMetrics_logo_rgb_WEB-Kopie-4.png\",\"contentUrl\":\"https:\\\/\\\/www.linemetrics.dev\\\/wp-content\\\/uploads\\\/2020\\\/06\\\/LineMetrics_logo_rgb_WEB-Kopie-4.png\",\"width\":340,\"height\":156,\"caption\":\"LineMetrics GmbH\"},\"image\":{\"@id\":\"https:\\\/\\\/www.linemetrics.dev\\\/en\\\/#\\\/schema\\\/logo\\\/image\\\/\"},\"sameAs\":[\"https:\\\/\\\/www.linkedin.com\\\/company\\\/linemetrics\\\/\"]}]}<\/script>\n<!-- \/ Yoast SEO plugin. -->","yoast_head_json":{"title":"Commissioning - LineMetrics Smart Building Plattform","robots":{"index":"noindex","follow":"follow","max-snippet":"max-snippet:-1","max-image-preview":"max-image-preview:large","max-video-preview":"max-video-preview:-1"},"og_locale":"en_US","og_type":"article","og_title":"Commissioning - LineMetrics Smart Building Plattform","og_description":"Einfach in Betrieb nehmen Einfach in Betrieb nehmen QR-Code scannen Mit dem Smartphone zur Ger\u00e4testatus-Seite. Ger\u00e4t aktivieren Spezifische Anleitungen zu jedem Ger\u00e4t machen das ganz einfach. Aktuelle Werte am Handy Innerhalb weniger Minuten werden bereits Werte angezeigt. Daten in der Cloud Alle Ger\u00e4te &amp; Messwerte k\u00f6nnen in der Cloud verwaltet werden. Inbetriebnahme Leitfaden In jedem...","og_url":"https:\/\/www.linemetrics.dev\/en\/platform\/commissioning\/","og_site_name":"LineMetrics Smart Building Plattform","article_modified_time":"2024-01-16T15:41:51+00:00","twitter_card":"summary_large_image","twitter_misc":{"Est. reading time":"1 minute"},"schema":{"@context":"https:\/\/schema.org","@graph":[{"@type":"WebPage","@id":"https:\/\/www.linemetrics.dev\/en\/platform\/commissioning\/","url":"https:\/\/www.linemetrics.dev\/en\/platform\/commissioning\/","name":"Commissioning - LineMetrics Smart Building Plattform","isPartOf":{"@id":"https:\/\/www.linemetrics.dev\/en\/#website"},"datePublished":"2024-01-16T15:30:09+00:00","dateModified":"2024-01-16T15:41:51+00:00","breadcrumb":{"@id":"https:\/\/www.linemetrics.dev\/en\/platform\/commissioning\/#breadcrumb"},"inLanguage":"en-US","potentialAction":[{"@type":"ReadAction","target":["https:\/\/www.linemetrics.dev\/en\/platform\/commissioning\/"]}]},{"@type":"BreadcrumbList","@id":"https:\/\/www.linemetrics.dev\/en\/platform\/commissioning\/#breadcrumb","itemListElement":[{"@type":"ListItem","position":1,"name":"Startseite","item":"https:\/\/www.linemetrics.dev\/en\/"},{"@type":"ListItem","position":2,"name":"The LineMetrics All-in-One Smart Building Platform","item":"https:\/\/www.linemetrics.dev\/en\/platform\/"},{"@type":"ListItem","position":3,"name":"Commissioning"}]},{"@type":"WebSite","@id":"https:\/\/www.linemetrics.dev\/en\/#website","url":"https:\/\/www.linemetrics.dev\/en\/","name":"LineMetrics","description":"Sensordaten per Plug &amp; Play erfassen und auswerten","publisher":{"@id":"https:\/\/www.linemetrics.dev\/en\/#organization"},"potentialAction":[{"@type":"SearchAction","target":{"@type":"EntryPoint","urlTemplate":"https:\/\/www.linemetrics.dev\/en\/?s={search_term_string}"},"query-input":{"@type":"PropertyValueSpecification","valueRequired":true,"valueName":"search_term_string"}}],"inLanguage":"en-US"},{"@type":"Organization","@id":"https:\/\/www.linemetrics.dev\/en\/#organization","name":"LineMetrics GmbH","url":"https:\/\/www.linemetrics.dev\/en\/","logo":{"@type":"ImageObject","inLanguage":"en-US","@id":"https:\/\/www.linemetrics.dev\/en\/#\/schema\/logo\/image\/","url":"https:\/\/www.linemetrics.dev\/wp-content\/uploads\/2020\/06\/LineMetrics_logo_rgb_WEB-Kopie-4.png","contentUrl":"https:\/\/www.linemetrics.dev\/wp-content\/uploads\/2020\/06\/LineMetrics_logo_rgb_WEB-Kopie-4.png","width":340,"height":156,"caption":"LineMetrics GmbH"},"image":{"@id":"https:\/\/www.linemetrics.dev\/en\/#\/schema\/logo\/image\/"},"sameAs":["https:\/\/www.linkedin.com\/company\/linemetrics\/"]}]}},"taxonomy_info":[],"featured_image_src_large":false,"author_info":{"display_name":"admin","author_link":"https:\/\/www.linemetrics.dev\/en\/author\/rhartung_rk442671\/"},"comment_info":0,"_links":{"self":[{"href":"https:\/\/www.linemetrics.dev\/en\/wp-json\/wp\/v2\/pages\/9087","targetHints":{"allow":["GET"]}}],"collection":[{"href":"https:\/\/www.linemetrics.dev\/en\/wp-json\/wp\/v2\/pages"}],"about":[{"href":"https:\/\/www.linemetrics.dev\/en\/wp-json\/wp\/v2\/types\/page"}],"author":[{"embeddable":true,"href":"https:\/\/www.linemetrics.dev\/en\/wp-json\/wp\/v2\/users\/1"}],"replies":[{"embeddable":true,"href":"https:\/\/www.linemetrics.dev\/en\/wp-json\/wp\/v2\/comments?post=9087"}],"version-history":[{"count":2,"href":"https:\/\/www.linemetrics.dev\/en\/wp-json\/wp\/v2\/pages\/9087\/revisions"}],"predecessor-version":[{"id":9350,"href":"https:\/\/www.linemetrics.dev\/en\/wp-json\/wp\/v2\/pages\/9087\/revisions\/9350"}],"up":[{"embeddable":true,"href":"https:\/\/www.linemetrics.dev\/en\/wp-json\/wp\/v2\/pages\/9339"}],"wp:attachment":[{"href":"https:\/\/www.linemetrics.dev\/en\/wp-json\/wp\/v2\/media?parent=9087"}],"curies":[{"name":"wp","href":"https:\/\/api.w.org\/{rel}","templated":true}]}}