{"id":8346,"date":"2023-12-11T12:13:53","date_gmt":"2023-12-11T11:13:53","guid":{"rendered":"https:\/\/www.linemetrics.dev\/?page_id=8346"},"modified":"2024-01-02T14:50:28","modified_gmt":"2024-01-02T13:50:28","slug":"pdf","status":"publish","type":"page","link":"https:\/\/www.linemetrics.dev\/de\/danke\/pdf\/","title":{"rendered":"Danke PDF-Download"},"content":{"rendered":"\n<h1 class=\"wp-block-heading\">Danke f\u00fcr Ihr Interesse an LineMetrics<\/h1>\n\n\n\n<p>Der angefragte Download-Link wurde gerade an Ihre E-Mail-Adresse \u00fcbermittelt. Bitte \u00fcberpr\u00fcfen Sie Ihren Spam-Folder, falls Sie keine Nachricht erhalten haben.<\/p>\n\n\n\n","protected":false},"excerpt":{"rendered":"<p>Danke f\u00fcr Ihr Interesse an LineMetrics Der angefragte Download-Link wurde gerade an Ihre E-Mail-Adresse \u00fcbermittelt. Bitte \u00fcberpr\u00fcfen Sie Ihren Spam-Folder, falls Sie keine Nachricht erhalten haben.<\/p>\n","protected":false},"author":10,"featured_media":0,"parent":7358,"menu_order":0,"comment_status":"closed","ping_status":"closed","template":"","meta":{"_acf_changed":false,"inline_featured_image":false,"_kad_blocks_custom_css":"","_kad_blocks_head_custom_js":"","_kad_blocks_body_custom_js":"","_kad_blocks_footer_custom_js":"","_kad_post_transparent":"","_kad_post_title":"hide","_kad_post_layout":"","_kad_post_sidebar_id":"","_kad_post_content_style":"boxed","_kad_post_vertical_padding":"","_kad_post_feature":"","_kad_post_feature_position":"","_kad_post_header":false,"_kad_post_footer":false,"_kad_post_classname":"","footnotes":"","_wp_rev_ctl_limit":""},"class_list":["post-8346","page","type-page","status-publish","hentry"],"acf":[],"yoast_head":"<!-- This site is optimized with the Yoast SEO plugin v27.5 - https:\/\/yoast.com\/product\/yoast-seo-wordpress\/ -->\n<title>Danke PDF-Download - LineMetrics Smart Building Plattform<\/title>\n<meta name=\"robots\" content=\"noindex, follow, max-snippet:-1, max-image-preview:large, max-video-preview:-1\" \/>\n<meta property=\"og:locale\" content=\"de_DE\" \/>\n<meta property=\"og:type\" content=\"article\" \/>\n<meta property=\"og:title\" content=\"Danke PDF-Download - LineMetrics Smart Building Plattform\" \/>\n<meta property=\"og:description\" content=\"Danke f\u00fcr Ihr Interesse an LineMetrics Der angefragte Download-Link wurde gerade an Ihre E-Mail-Adresse \u00fcbermittelt. Bitte \u00fcberpr\u00fcfen Sie Ihren Spam-Folder, falls Sie keine Nachricht erhalten haben.\" \/>\n<meta property=\"og:url\" content=\"https:\/\/www.linemetrics.dev\/de\/danke\/pdf\/\" \/>\n<meta property=\"og:site_name\" content=\"LineMetrics Smart Building Plattform\" \/>\n<meta property=\"article:modified_time\" content=\"2024-01-02T13:50:28+00:00\" \/>\n<meta name=\"twitter:card\" content=\"summary_large_image\" \/>\n<meta name=\"twitter:label1\" content=\"Gesch\u00e4tzte Lesezeit\" \/>\n\t<meta name=\"twitter:data1\" content=\"1\u00a0Minute\" \/>\n<script type=\"application\/ld+json\" class=\"yoast-schema-graph\">{\"@context\":\"https:\\\/\\\/schema.org\",\"@graph\":[{\"@type\":\"WebPage\",\"@id\":\"https:\\\/\\\/www.linemetrics.dev\\\/de\\\/danke\\\/pdf\\\/\",\"url\":\"https:\\\/\\\/www.linemetrics.dev\\\/de\\\/danke\\\/pdf\\\/\",\"name\":\"Danke PDF-Download - LineMetrics Smart Building Plattform\",\"isPartOf\":{\"@id\":\"https:\\\/\\\/www.linemetrics.dev\\\/de\\\/#website\"},\"datePublished\":\"2023-12-11T11:13:53+00:00\",\"dateModified\":\"2024-01-02T13:50:28+00:00\",\"breadcrumb\":{\"@id\":\"https:\\\/\\\/www.linemetrics.dev\\\/de\\\/danke\\\/pdf\\\/#breadcrumb\"},\"inLanguage\":\"de\",\"potentialAction\":[{\"@type\":\"ReadAction\",\"target\":[\"https:\\\/\\\/www.linemetrics.dev\\\/de\\\/danke\\\/pdf\\\/\"]}]},{\"@type\":\"BreadcrumbList\",\"@id\":\"https:\\\/\\\/www.linemetrics.dev\\\/de\\\/danke\\\/pdf\\\/#breadcrumb\",\"itemListElement\":[{\"@type\":\"ListItem\",\"position\":1,\"name\":\"Startseite\",\"item\":\"https:\\\/\\\/www.linemetrics.dev\\\/de\\\/\"},{\"@type\":\"ListItem\",\"position\":2,\"name\":\"Danke f\u00fcr Ihre Anfrage\",\"item\":\"https:\\\/\\\/www.linemetrics.dev\\\/de\\\/danke\\\/\"},{\"@type\":\"ListItem\",\"position\":3,\"name\":\"Danke PDF-Download\"}]},{\"@type\":\"WebSite\",\"@id\":\"https:\\\/\\\/www.linemetrics.dev\\\/de\\\/#website\",\"url\":\"https:\\\/\\\/www.linemetrics.dev\\\/de\\\/\",\"name\":\"LineMetrics\",\"description\":\"Sensordaten per Plug &amp; Play erfassen und auswerten\",\"publisher\":{\"@id\":\"https:\\\/\\\/www.linemetrics.dev\\\/de\\\/#organization\"},\"potentialAction\":[{\"@type\":\"SearchAction\",\"target\":{\"@type\":\"EntryPoint\",\"urlTemplate\":\"https:\\\/\\\/www.linemetrics.dev\\\/de\\\/?s={search_term_string}\"},\"query-input\":{\"@type\":\"PropertyValueSpecification\",\"valueRequired\":true,\"valueName\":\"search_term_string\"}}],\"inLanguage\":\"de\"},{\"@type\":\"Organization\",\"@id\":\"https:\\\/\\\/www.linemetrics.dev\\\/de\\\/#organization\",\"name\":\"LineMetrics GmbH\",\"url\":\"https:\\\/\\\/www.linemetrics.dev\\\/de\\\/\",\"logo\":{\"@type\":\"ImageObject\",\"inLanguage\":\"de\",\"@id\":\"https:\\\/\\\/www.linemetrics.dev\\\/de\\\/#\\\/schema\\\/logo\\\/image\\\/\",\"url\":\"https:\\\/\\\/www.linemetrics.dev\\\/wp-content\\\/uploads\\\/2020\\\/06\\\/LineMetrics_logo_rgb_WEB-Kopie-4.png\",\"contentUrl\":\"https:\\\/\\\/www.linemetrics.dev\\\/wp-content\\\/uploads\\\/2020\\\/06\\\/LineMetrics_logo_rgb_WEB-Kopie-4.png\",\"width\":340,\"height\":156,\"caption\":\"LineMetrics GmbH\"},\"image\":{\"@id\":\"https:\\\/\\\/www.linemetrics.dev\\\/de\\\/#\\\/schema\\\/logo\\\/image\\\/\"},\"sameAs\":[\"https:\\\/\\\/www.linkedin.com\\\/company\\\/linemetrics\\\/\"]}]}<\/script>\n<!-- \/ Yoast SEO plugin. -->","yoast_head_json":{"title":"Danke PDF-Download - LineMetrics Smart Building Plattform","robots":{"index":"noindex","follow":"follow","max-snippet":"max-snippet:-1","max-image-preview":"max-image-preview:large","max-video-preview":"max-video-preview:-1"},"og_locale":"de_DE","og_type":"article","og_title":"Danke PDF-Download - LineMetrics Smart Building Plattform","og_description":"Danke f\u00fcr Ihr Interesse an LineMetrics Der angefragte Download-Link wurde gerade an Ihre E-Mail-Adresse \u00fcbermittelt. Bitte \u00fcberpr\u00fcfen Sie Ihren Spam-Folder, falls Sie keine Nachricht erhalten haben.","og_url":"https:\/\/www.linemetrics.dev\/de\/danke\/pdf\/","og_site_name":"LineMetrics Smart Building Plattform","article_modified_time":"2024-01-02T13:50:28+00:00","twitter_card":"summary_large_image","twitter_misc":{"Gesch\u00e4tzte Lesezeit":"1\u00a0Minute"},"schema":{"@context":"https:\/\/schema.org","@graph":[{"@type":"WebPage","@id":"https:\/\/www.linemetrics.dev\/de\/danke\/pdf\/","url":"https:\/\/www.linemetrics.dev\/de\/danke\/pdf\/","name":"Danke PDF-Download - LineMetrics Smart Building Plattform","isPartOf":{"@id":"https:\/\/www.linemetrics.dev\/de\/#website"},"datePublished":"2023-12-11T11:13:53+00:00","dateModified":"2024-01-02T13:50:28+00:00","breadcrumb":{"@id":"https:\/\/www.linemetrics.dev\/de\/danke\/pdf\/#breadcrumb"},"inLanguage":"de","potentialAction":[{"@type":"ReadAction","target":["https:\/\/www.linemetrics.dev\/de\/danke\/pdf\/"]}]},{"@type":"BreadcrumbList","@id":"https:\/\/www.linemetrics.dev\/de\/danke\/pdf\/#breadcrumb","itemListElement":[{"@type":"ListItem","position":1,"name":"Startseite","item":"https:\/\/www.linemetrics.dev\/de\/"},{"@type":"ListItem","position":2,"name":"Danke f\u00fcr Ihre Anfrage","item":"https:\/\/www.linemetrics.dev\/de\/danke\/"},{"@type":"ListItem","position":3,"name":"Danke PDF-Download"}]},{"@type":"WebSite","@id":"https:\/\/www.linemetrics.dev\/de\/#website","url":"https:\/\/www.linemetrics.dev\/de\/","name":"LineMetrics","description":"Sensordaten per Plug &amp; Play erfassen und auswerten","publisher":{"@id":"https:\/\/www.linemetrics.dev\/de\/#organization"},"potentialAction":[{"@type":"SearchAction","target":{"@type":"EntryPoint","urlTemplate":"https:\/\/www.linemetrics.dev\/de\/?s={search_term_string}"},"query-input":{"@type":"PropertyValueSpecification","valueRequired":true,"valueName":"search_term_string"}}],"inLanguage":"de"},{"@type":"Organization","@id":"https:\/\/www.linemetrics.dev\/de\/#organization","name":"LineMetrics GmbH","url":"https:\/\/www.linemetrics.dev\/de\/","logo":{"@type":"ImageObject","inLanguage":"de","@id":"https:\/\/www.linemetrics.dev\/de\/#\/schema\/logo\/image\/","url":"https:\/\/www.linemetrics.dev\/wp-content\/uploads\/2020\/06\/LineMetrics_logo_rgb_WEB-Kopie-4.png","contentUrl":"https:\/\/www.linemetrics.dev\/wp-content\/uploads\/2020\/06\/LineMetrics_logo_rgb_WEB-Kopie-4.png","width":340,"height":156,"caption":"LineMetrics GmbH"},"image":{"@id":"https:\/\/www.linemetrics.dev\/de\/#\/schema\/logo\/image\/"},"sameAs":["https:\/\/www.linkedin.com\/company\/linemetrics\/"]}]}},"taxonomy_info":[],"featured_image_src_large":false,"author_info":{"display_name":"Wolfgang Hafenscher","author_link":"https:\/\/www.linemetrics.dev\/de\/author\/wolfgang-hafenscher\/"},"comment_info":0,"_links":{"self":[{"href":"https:\/\/www.linemetrics.dev\/de\/wp-json\/wp\/v2\/pages\/8346","targetHints":{"allow":["GET"]}}],"collection":[{"href":"https:\/\/www.linemetrics.dev\/de\/wp-json\/wp\/v2\/pages"}],"about":[{"href":"https:\/\/www.linemetrics.dev\/de\/wp-json\/wp\/v2\/types\/page"}],"author":[{"embeddable":true,"href":"https:\/\/www.linemetrics.dev\/de\/wp-json\/wp\/v2\/users\/10"}],"replies":[{"embeddable":true,"href":"https:\/\/www.linemetrics.dev\/de\/wp-json\/wp\/v2\/comments?post=8346"}],"version-history":[{"count":3,"href":"https:\/\/www.linemetrics.dev\/de\/wp-json\/wp\/v2\/pages\/8346\/revisions"}],"predecessor-version":[{"id":8796,"href":"https:\/\/www.linemetrics.dev\/de\/wp-json\/wp\/v2\/pages\/8346\/revisions\/8796"}],"up":[{"embeddable":true,"href":"https:\/\/www.linemetrics.dev\/de\/wp-json\/wp\/v2\/pages\/7358"}],"wp:attachment":[{"href":"https:\/\/www.linemetrics.dev\/de\/wp-json\/wp\/v2\/media?parent=8346"}],"curies":[{"name":"wp","href":"https:\/\/api.w.org\/{rel}","templated":true}]}}